{"id":639,"date":"2020-12-16T18:47:22","date_gmt":"2020-12-16T18:47:22","guid":{"rendered":"https:\/\/www.adrfr.ro\/?page_id=639"},"modified":"2020-12-16T18:47:22","modified_gmt":"2020-12-16T18:47:22","slug":"termeni-si-conditii","status":"publish","type":"page","link":"https:\/\/www.adrfr.ro\/en\/termeni-si-conditii\/","title":{"rendered":"Terms and conditions"},"content":{"rendered":"<h2 class=\"wp-block-heading\">Terms and conditions<\/h2>\n\n\n\n<p><strong>Important: citi\u021bi \u00eenainte de a merge mai departe.&nbsp;<\/strong>Urm\u0103toarele informa\u021bii se refer\u0103 la Asocia\u021bia Distribuitorilor \u0219i Retailerilor Farmaceutici din Rom\u00e2nia (A.D.R.F.R.).&nbsp; Aceste notific\u0103ri, \u00eempreun\u0103 cu politica noastr\u0103 privind fi\u0219ierele cookie, v\u0103 asigur\u0103 informa\u021biile necesare privind utilizarea site-ului nostru \u0219i modul \u00een care colect\u0103m \u0219i prelucr\u0103m datele dumneavoastr\u0103 cu caracter personal. Revine \u00een sarcina noastr\u0103 s\u0103 v\u0103 familiariz\u0103m cu acestea. Prin utilizarea siteului Asocia\u021biei Distribuitorilor \u0219i Retailerilor Farmaceutici din Rom\u00e2nia sunte\u021bi de acord s\u0103 respecta\u021bi prevederile incluse \u00een:<\/p>\n\n\n\n<ul class=\"wp-block-list\"><li>Termenii de utilizare stipula\u021bi mai jos, care descriu natura general\u0103 a informa\u021biilor stipulate pe siteul Asocia\u021biei Distribuitorilor \u0219i Retailerilor Farmaceutici din Rom\u00e2nia, stabilesc preciz\u0103rile legale referitoare la rezultatele anterioare \u0219i divulg\u0103 informa\u021bii \u0219i preciz\u0103ri legale suplimentare impuse de anumite jurisdic\u021bii \u00een care avem sedii;<\/li><li><a href=\"https:\/\/publicaffairssolutions.ro\/cookies-policy\">Politica privind fi\u0219ierele cookie<\/a>, care descrie modul de utilizare al fi\u0219ierelor cookie \u0219i asigur\u0103 informa\u021bii suplimentare referitoare la controlul dumneavoastr\u0103 asupra fi\u0219ierelor cookie; \u0219i<\/li><li>Notificarea privind drepturile de autor, care se aplic\u0103 \u00eentregului site.<\/li><\/ul>\n\n\n\n<p>Dac\u0103 ave\u021bi \u00eentreb\u0103ri privind termenii de utilizare, politica privind fi\u0219ierele cookie, notificarea privind drepturile de autor, ne pute\u021bi contacta la adresa office@adrfr.ro sau ne pute\u021bi scrie la adresa: Asocia\u021bia Distribuitorilor \u0219i Retailerilor Farmaceutici din Rom\u00e2nia, Complex S Park, cl\u0103direa B3, Str. Tipografilor nr. 11 \u2013 13, parter, Sector 1, Bucure\u0219ti, Rom\u00e2nia.<\/p>\n\n\n\n<p><strong>TERMENI DE UTILIZARE<\/strong><\/p>\n\n\n\n<p>Se va acorda aten\u021bie deosebit\u0103 urm\u0103torilor termeni de utilizare \u0219i, mai ales, preciz\u0103rilor legale.<\/p>\n\n\n\n<p><strong>Prin accesarea siteului sunte\u021bi de acord s\u0103 respecta\u021bi ace\u0219ti termeni de utilizare. Ace\u0219ti termeni de utilizare pot afecta drepturile \u0219i obliga\u021biile dumneavoastr\u0103 legale. \u00cen cazul \u00een care nu sunte\u021bi de acord cu termenii de utilizare, v\u0103 rug\u0103m s\u0103 nu mai utiliza\u021bi acest site.<\/strong><\/p>\n\n\n\n<p>Siteul Asocia\u021biei Distribuitorilor \u0219i Retailerilor Farmaceutici din Rom\u00e2nia asigur\u0103 informa\u021bii de interes general pentru public. Siteul nu ofer\u0103 consiliere juridic\u0103 privind situa\u021bii sau probleme specifice. \u00cen cazul \u00een care exist\u0103 aspecte de natur\u0103 juridic\u0103 care necesit\u0103 aten\u021bie, pute\u021bi consulta avocatul Asocia\u021biei Distribuitorilor \u0219i Retailerilor Farmaceutici din Rom\u00e2nia. Nimic din cele con\u021binute pe acest site nu constituie un contract explicit sau implicit. Privind lansarea invita\u021biei de a ne contacta, Asocia\u021bia Distribuitorilor \u0219i Retailerilor Farmaceutici din Rom\u00e2nia nu inten\u021bioneaz\u0103 s\u0103 stabileasc\u0103 o rela\u021bie avocat-client. Nu avem niciun fel de obliga\u021bie fa\u021b\u0103 de dumneavoastr\u0103, inclusiv obliga\u021bia de a p\u0103stra confiden\u021bialitatea asupra informa\u021biilor transmise de c\u0103tre dumneavoastr\u0103 sau obliga\u021bia de a v\u0103 proteja interesele, cu excep\u021bia \u0219i doar \u00een momentul \u00een care convenim, de comun acord, s\u0103 v\u0103 reprezent\u0103m. Acest lucru \u00eenseamn\u0103 c\u0103 nimic din ceea ce ne transmite\u021bi nu va fi confiden\u021bial p\u00e2n\u0103 \u00een momentul \u00een care nu convenim, de comun acord, s\u0103 p\u0103str\u0103m confiden\u021bialitatea acestora.<\/p>\n\n\n\n<p>Orice ini\u021biative juridice de succes descrise pe siteul nostru nu constituie indicatori referitori la rezultate viitoare. Rezultatul unor anumite demersuri juridice depinde de informa\u021biile \u0219i legile care se aplic\u0103 spe\u021belor respective.<\/p>\n\n\n\n<p><strong>Confiden\u021bialitatea, protec\u021bia datelor cu caracter personal \u0219i securitatea<\/strong><\/p>\n\n\n\n<p>Asocia\u021bia Distribuitorilor \u0219i Retailerilor Farmaceutici din Rom\u00e2nia se angajeaz\u0103 s\u0103 v\u0103 asigure confiden\u021bialitatea. Cu excep\u021bia cookie-urilor pe care le folosim in conformitate cu <a href=\"https:\/\/publicaffairssolutions.ro\/cookies-policy\">Politica privind fi\u0219ierele cookie<\/a>, nu colectam date cu caracter personal si nu vom solicita dezv\u0103luirea unor astfel de date atunci c\u00e2nd vizita\u021bi site-ul nostru. V\u0103 rug\u0103m citi\u021bi cu aten\u021bie Politica noastr\u0103 privind fi\u0219ierele cookie pentru a \u00een\u021belege modul de colectare, utilizare \u0219i protejare a informa\u021biilor ob\u021binute de la dumneavoastr\u0103 prin intermediul cookie-urilor.. Acestea guverneaz\u0103 utilizarea informa\u021biilor pe care ni le comunica\u021bi \u0219i identific\u0103 persoanele de contact din cadrul Asocia\u021biei Distribuitorilor \u0219i Retailerilor Farmaceutici din Rom\u00e2nia pentru transmiterea de \u00eentreb\u0103ri, solicit\u0103ri sau \u00eengrijor\u0103ri cu privire la aspecte de confiden\u021bialitate sau protec\u021bia datelor cu caracter personal.<\/p>\n\n\n\n<p><strong>Erorile la transmisiune sau ac\u021biunile neautorizate<\/strong><\/p>\n\n\n\n<p>Depunem eforturi pentru a v\u0103 proteja datele cu caracter personal. Cu toate acestea, nicio transmisiune de date nu este 100% sigur\u0103. Asocia\u021bia Distribuitorilor \u0219i Retailerilor Farmaceutici din Rom\u00e2nia nu v\u0103 poate asigura sau garanta securitatea informa\u021biilor pe care ni le transmite\u021bi sau a oric\u0103ror informa\u021bii comunicate on-line, a\u0219adar r\u0103spunderea pentru acestea v\u0103 apar\u021bine \u00een totalitate. Asocia\u021bia Distribuitorilor \u0219i Retailerilor Farmaceutici din Rom\u00e2nia nu va fi tras\u0103 la r\u0103spundere pentru divulgarea datelor dumneavoastr\u0103 cu caracter personal ca urmare a erorilor la transmisiune sau ac\u021biunile neautorizate din partea unor ter\u021be p\u0103r\u021bi. Cu toate acestea, odat\u0103 ce primim mesajul dumneavoastr\u0103, ac\u021bion\u0103m \u00een mod responsabil pentru a asigura securitatea acestuia pe sistemele noastre, prin eforturi rezonabile de a proteja informa\u021biile, \u00een conformitate cu politica privind fi\u0219ierele cookie.<\/p>\n\n\n\n<p><strong>Cum s\u0103 ne contacta\u021bi<\/strong><\/p>\n\n\n\n<p>Dac\u0103 ave\u021bi \u00eentreb\u0103ri privind practicile noastre referitoare la informa\u021bii, ne pute\u021bi contacta la adresa office@adrfr.ro&nbsp;sau ne pute\u021bi scrie la adresa: Asocia\u021bia Distribuitorilor \u0219i Retailerilor Farmaceutici din Rom\u00e2nia, Complex S Park, cl\u0103direa B3, Str. Tipografilor nr. 11 \u2013 13, parter, Sector 1, Bucure\u0219ti, Rom\u00e2nia.<\/p>\n\n\n\n<p><strong>Drepturi de autor<\/strong><\/p>\n\n\n\n<p>\u00a9 2020 Asocia\u021bia Distribuitorilor \u0219i Retailerilor Farmaceutici din Rom\u00e2nia. Toate drepturile rezervate. Reproducerea sau retransmiterea con\u021binutului acestei pagini web f\u0103r\u0103 acordul prealabil, \u00een scris, al Asocia\u021biei Distribuitorilor \u0219i Retailerilor Farmaceutici din Rom\u00e2nia este interzis\u0103.<\/p>","protected":false},"excerpt":{"rendered":"Termeni \u0219i condi\u021bii Important: citi\u021bi \u00eenainte de a merge mai departe.&nbsp;Urm\u0103toarele informa\u021bii se refer\u0103 la Asocia\u021bia Distribuitorilor \u0219i Retailerilor Farmaceutici din Rom\u00e2nia (A.D.R.F.R.).&nbsp; Aceste notific\u0103ri, \u00eempreun\u0103 cu politica noastr\u0103 privind fi\u0219ierele cookie, v\u0103 asigur\u0103 informa\u021biile necesare privind utilizarea site-ului nostru \u0219i modul \u00een care colect\u0103m \u0219i prelucr\u0103m datele dumneavoastr\u0103 cu caracter personal. Revine \u00een sarcina&#8230; <a class=\"view-article\" href=\"https:\/\/www.adrfr.ro\/en\/termeni-si-conditii\/\">View Article<\/a>","protected":false},"author":1,"featured_media":0,"parent":0,"menu_order":0,"comment_status":"closed","ping_status":"closed","template":"","meta":{"footnotes":""},"class_list":["post-639","page","type-page","status-publish","hentry"],"_links":{"self":[{"href":"https:\/\/www.adrfr.ro\/en\/wp-json\/wp\/v2\/pages\/639","targetHints":{"allow":["GET"]}}],"collection":[{"href":"https:\/\/www.adrfr.ro\/en\/wp-json\/wp\/v2\/pages"}],"about":[{"href":"https:\/\/www.adrfr.ro\/en\/wp-json\/wp\/v2\/types\/page"}],"author":[{"embeddable":true,"href":"https:\/\/www.adrfr.ro\/en\/wp-json\/wp\/v2\/users\/1"}],"replies":[{"embeddable":true,"href":"https:\/\/www.adrfr.ro\/en\/wp-json\/wp\/v2\/comments?post=639"}],"version-history":[{"count":1,"href":"https:\/\/www.adrfr.ro\/en\/wp-json\/wp\/v2\/pages\/639\/revisions"}],"predecessor-version":[{"id":640,"href":"https:\/\/www.adrfr.ro\/en\/wp-json\/wp\/v2\/pages\/639\/revisions\/640"}],"wp:attachment":[{"href":"https:\/\/www.adrfr.ro\/en\/wp-json\/wp\/v2\/media?parent=639"}],"curies":[{"name":"wp","href":"https:\/\/api.w.org\/{rel}","templated":true}]}}