{"id":32,"date":"2020-09-13T14:14:50","date_gmt":"2020-09-13T14:14:50","guid":{"rendered":"https:\/\/thewebdesigner.ro\/projects\/adrfr\/?page_id=32"},"modified":"2022-09-29T19:22:52","modified_gmt":"2022-09-29T19:22:52","slug":"cod-conformare-legislatia-concurentei","status":"publish","type":"page","link":"https:\/\/www.adrfr.ro\/en\/cod-conformare-legislatia-concurentei\/","title":{"rendered":"Cod de Conformare legisla\u021bia concuren\u021bei"},"content":{"rendered":"<div data-elementor-type=\"wp-page\" data-elementor-id=\"32\" class=\"elementor elementor-32\">\n\t\t\t\t\t\t<section class=\"elementor-section elementor-top-section elementor-element elementor-element-ab457e9 elementor-section-full_width elementor-section-height-default elementor-section-height-default\" data-id=\"ab457e9\" data-element_type=\"section\" data-e-type=\"section\">\n\t\t\t\t\t\t<div class=\"elementor-container elementor-column-gap-default\">\n\t\t\t\t\t<div class=\"elementor-column elementor-col-100 elementor-top-column elementor-element elementor-element-329409f\" data-id=\"329409f\" data-element_type=\"column\" data-e-type=\"column\">\n\t\t\t<div class=\"elementor-widget-wrap elementor-element-populated\">\n\t\t\t\t\t\t<div class=\"elementor-element elementor-element-94da721 elementor-widget elementor-widget-heading\" data-id=\"94da721\" data-element_type=\"widget\" data-e-type=\"widget\" data-widget_type=\"heading.default\">\n\t\t\t\t<div class=\"elementor-widget-container\">\n\t\t\t\t\t<h1 class=\"elementor-heading-title elementor-size-default\">COD DE CONFORMARE CU LEGISLA\u021aIA CONCUREN\u021aEI<\/h1>\t\t\t\t<\/div>\n\t\t\t\t<\/div>\n\t\t\t\t\t<\/div>\n\t\t<\/div>\n\t\t\t\t\t<\/div>\n\t\t<\/section>\n\t\t\t\t<section class=\"elementor-section elementor-top-section elementor-element elementor-element-b13693a elementor-section-full_width nopadding elementor-section-height-default elementor-section-height-default\" data-id=\"b13693a\" data-element_type=\"section\" data-e-type=\"section\">\n\t\t\t\t\t\t<div class=\"elementor-container elementor-column-gap-default\">\n\t\t\t\t\t<div class=\"elementor-column elementor-col-100 elementor-top-column elementor-element elementor-element-04bca82\" data-id=\"04bca82\" data-element_type=\"column\" data-e-type=\"column\">\n\t\t\t<div class=\"elementor-widget-wrap elementor-element-populated\">\n\t\t\t\t\t\t<div class=\"elementor-element elementor-element-1aac555 elementor-widget elementor-widget-text-editor\" data-id=\"1aac555\" data-element_type=\"widget\" data-e-type=\"widget\" data-widget_type=\"text-editor.default\">\n\t\t\t\t<div class=\"elementor-widget-container\">\n\t\t\t\t\t\t\t\t\t<p>ADRFR a adoptat <strong>Codul de Conformare cu Legisla\u021bia Cocuren\u021bial\u0103<\/strong>, document ce eviden\u021biaz\u0103 cele mai importante aspecte cu relevan\u021b\u0103 \u00een domeniul concuren\u021bei \u0219i principalele c\u0103i de ac\u021biune, astfel \u00eenc\u00e2t at\u00e2t Asocia\u021bia, c\u00e2t \u0219i membrii s\u0103i s\u0103 ac\u021bioneze conform reglement\u0103rilor legale privind concuren\u021ba \u0219i s\u0103 asigure respectarea principiilor legisla\u021biei concuren\u021biale.<\/p><p>Prin acest Cod, ADRFR \u0219i membrii sai \u00ee\u0219i exprim\u0103 angajamentul ferm cu privire la implementarea politicii de concuren\u021b\u0103 \u0219i conformarea strict\u0103 cu reglement\u0103rile legale \u00een domeniul concuren\u021bei recunosc\u00e2nd importan\u021ba \u00eencuraj\u0103rii unui mediu concuren\u021bial efectiv la nivelul industriei de distribu\u021bie \u0219i retail farmaceutic din Rom\u00e2nia.<\/p>\t\t\t\t\t\t\t\t<\/div>\n\t\t\t\t<\/div>\n\t\t\t\t\t<\/div>\n\t\t<\/div>\n\t\t\t\t\t<\/div>\n\t\t<\/section>\n\t\t\t\t<section class=\"elementor-section elementor-top-section elementor-element elementor-element-0118bfc elementor-section-full_width elementor-section-height-default elementor-section-height-default\" data-id=\"0118bfc\" data-element_type=\"section\" data-e-type=\"section\">\n\t\t\t\t\t\t<div class=\"elementor-container elementor-column-gap-default\">\n\t\t\t\t\t<div class=\"elementor-column elementor-col-100 elementor-top-column elementor-element elementor-element-40d186f\" data-id=\"40d186f\" data-element_type=\"column\" data-e-type=\"column\">\n\t\t\t<div class=\"elementor-widget-wrap elementor-element-populated\">\n\t\t\t\t\t\t<div class=\"elementor-element elementor-element-f34d042 elementor-align-left elementor-widget elementor-widget-button\" data-id=\"f34d042\" data-element_type=\"widget\" data-e-type=\"widget\" data-widget_type=\"button.default\">\n\t\t\t\t<div class=\"elementor-widget-container\">\n\t\t\t\t\t\t\t\t\t<div class=\"elementor-button-wrapper\">\n\t\t\t\t\t<a class=\"elementor-button elementor-button-link elementor-size-sm\" href=\"https:\/\/www.adrfr.ro\/wp-content\/uploads\/2022\/09\/Cod-_conformare_concurenta_ADRFR.pdf\" target=\"_blank\">\n\t\t\t\t\t\t<span class=\"elementor-button-content-wrapper\">\n\t\t\t\t\t\t<span class=\"elementor-button-icon\">\n\t\t\t\t<i aria-hidden=\"true\" class=\"far fa-file-pdf\"><\/i>\t\t\t<\/span>\n\t\t\t\t\t\t\t\t\t<span class=\"elementor-button-text\">DESCARC\u0102 CODUL DE CONFRORMARE CU LEGISLA\u021aIA CONCUREN\u021aIAL\u0102<\/span>\n\t\t\t\t\t<\/span>\n\t\t\t\t\t<\/a>\n\t\t\t\t<\/div>\n\t\t\t\t\t\t\t\t<\/div>\n\t\t\t\t<\/div>\n\t\t\t\t\t<\/div>\n\t\t<\/div>\n\t\t\t\t\t<\/div>\n\t\t<\/section>\n\t\t\t\t<\/div>","protected":false},"excerpt":{"rendered":"COD DE CONFORMARE CU LEGISLA\u021aIA CONCUREN\u021aEI ADRFR a adoptat Codul de Conformare cu Legisla\u021bia Cocuren\u021bial\u0103, document ce eviden\u021biaz\u0103 cele mai importante aspecte cu relevan\u021b\u0103 \u00een domeniul concuren\u021bei \u0219i principalele c\u0103i de ac\u021biune, astfel \u00eenc\u00e2t at\u00e2t Asocia\u021bia, c\u00e2t \u0219i membrii s\u0103i s\u0103 ac\u021bioneze conform reglement\u0103rilor legale privind concuren\u021ba \u0219i s\u0103 asigure respectarea principiilor legisla\u021biei concuren\u021biale. Prin&#8230; <a class=\"view-article\" href=\"https:\/\/www.adrfr.ro\/en\/cod-conformare-legislatia-concurentei\/\">View Article<\/a>","protected":false},"author":1,"featured_media":0,"parent":0,"menu_order":0,"comment_status":"closed","ping_status":"closed","template":"","meta":{"footnotes":""},"class_list":["post-32","page","type-page","status-publish","hentry"],"_links":{"self":[{"href":"https:\/\/www.adrfr.ro\/en\/wp-json\/wp\/v2\/pages\/32","targetHints":{"allow":["GET"]}}],"collection":[{"href":"https:\/\/www.adrfr.ro\/en\/wp-json\/wp\/v2\/pages"}],"about":[{"href":"https:\/\/www.adrfr.ro\/en\/wp-json\/wp\/v2\/types\/page"}],"author":[{"embeddable":true,"href":"https:\/\/www.adrfr.ro\/en\/wp-json\/wp\/v2\/users\/1"}],"replies":[{"embeddable":true,"href":"https:\/\/www.adrfr.ro\/en\/wp-json\/wp\/v2\/comments?post=32"}],"version-history":[{"count":24,"href":"https:\/\/www.adrfr.ro\/en\/wp-json\/wp\/v2\/pages\/32\/revisions"}],"predecessor-version":[{"id":1520,"href":"https:\/\/www.adrfr.ro\/en\/wp-json\/wp\/v2\/pages\/32\/revisions\/1520"}],"wp:attachment":[{"href":"https:\/\/www.adrfr.ro\/en\/wp-json\/wp\/v2\/media?parent=32"}],"curies":[{"name":"wp","href":"https:\/\/api.w.org\/{rel}","templated":true}]}}