{"id":229,"date":"2020-09-16T17:45:46","date_gmt":"2020-09-16T17:45:46","guid":{"rendered":"https:\/\/thewebdesigner.ro\/projects\/adrfr\/?page_id=229"},"modified":"2021-09-29T12:33:03","modified_gmt":"2021-09-29T12:33:03","slug":"covid19","status":"publish","type":"page","link":"https:\/\/www.adrfr.ro\/en\/covid19\/","title":{"rendered":"Covid-19"},"content":{"rendered":"<div data-elementor-type=\"wp-page\" data-elementor-id=\"229\" class=\"elementor elementor-229\">\n\t\t\t\t\t\t<section class=\"elementor-section elementor-top-section elementor-element elementor-element-6728970 elementor-section-full_width elementor-section-height-default elementor-section-height-default\" data-id=\"6728970\" data-element_type=\"section\" data-e-type=\"section\">\n\t\t\t\t\t\t<div class=\"elementor-container elementor-column-gap-default\">\n\t\t\t\t\t<div class=\"elementor-column elementor-col-50 elementor-top-column elementor-element elementor-element-b7be43d\" data-id=\"b7be43d\" data-element_type=\"column\" data-e-type=\"column\">\n\t\t\t<div class=\"elementor-widget-wrap elementor-element-populated\">\n\t\t\t\t\t\t<div class=\"elementor-element elementor-element-96d1047 elementor-widget elementor-widget-heading\" data-id=\"96d1047\" data-element_type=\"widget\" data-e-type=\"widget\" data-widget_type=\"heading.default\">\n\t\t\t\t<div class=\"elementor-widget-container\">\n\t\t\t\t\t<h1 class=\"elementor-heading-title elementor-size-default\">COVID-19<\/h1>\t\t\t\t<\/div>\n\t\t\t\t<\/div>\n\t\t\t\t\t<\/div>\n\t\t<\/div>\n\t\t\t\t<div class=\"elementor-column elementor-col-50 elementor-top-column elementor-element elementor-element-1805d59\" data-id=\"1805d59\" data-element_type=\"column\" data-e-type=\"column\">\n\t\t\t<div class=\"elementor-widget-wrap elementor-element-populated\">\n\t\t\t\t\t\t<div class=\"elementor-element elementor-element-432bf97 elementor-widget elementor-widget-lottie\" data-id=\"432bf97\" data-element_type=\"widget\" data-e-type=\"widget\" data-widget_type=\"lottie.default\">\n\t\t\t\t<div class=\"elementor-widget-container\">\n\t\t\t\t\t \t\t\t\t<\/div>\n\t\t\t\t<\/div>\n\t\t\t\t\t<\/div>\n\t\t<\/div>\n\t\t\t\t\t<\/div>\n\t\t<\/section>\n\t\t\t\t<section class=\"elementor-section elementor-top-section elementor-element elementor-element-2a41261 elementor-section-full_width elementor-section-height-default elementor-section-height-default\" data-id=\"2a41261\" data-element_type=\"section\" data-e-type=\"section\">\n\t\t\t\t\t\t<div class=\"elementor-container elementor-column-gap-default\">\n\t\t\t\t\t<div class=\"elementor-column elementor-col-50 elementor-top-column elementor-element elementor-element-b4e8e29\" data-id=\"b4e8e29\" data-element_type=\"column\" data-e-type=\"column\">\n\t\t\t<div class=\"elementor-widget-wrap elementor-element-populated\">\n\t\t\t\t\t\t<div class=\"elementor-element elementor-element-bed2055 elementor-widget elementor-widget-video\" data-id=\"bed2055\" data-element_type=\"widget\" data-e-type=\"widget\" data-settings=\"{&quot;video_type&quot;:&quot;hosted&quot;,&quot;controls&quot;:&quot;yes&quot;}\" data-widget_type=\"video.default\">\n\t\t\t\t<div class=\"elementor-widget-container\">\n\t\t\t\t\t\t\t<div class=\"e-hosted-video elementor-wrapper elementor-open-inline\">\n\t\t\t\t\t<video class=\"elementor-video\" src=\"https:\/\/thewebdesigner.ro\/projects\/adrfr\/wp-content\/uploads\/2020\/10\/202004161932_tvr2_16_april_2020_19_20_45.mp4\" controls=\"\" preload=\"metadata\" controlslist=\"nodownload\"><\/video>\n\t\t\t\t<\/div>\n\t\t\t\t\t\t<\/div>\n\t\t\t\t<\/div>\n\t\t\t\t\t<\/div>\n\t\t<\/div>\n\t\t\t\t<div class=\"elementor-column elementor-col-50 elementor-top-column elementor-element elementor-element-cc3dc2a\" data-id=\"cc3dc2a\" data-element_type=\"column\" data-e-type=\"column\">\n\t\t\t<div class=\"elementor-widget-wrap elementor-element-populated\">\n\t\t\t\t\t\t<div class=\"elementor-element elementor-element-1df4818 nopadding elementor-widget elementor-widget-text-editor\" data-id=\"1df4818\" data-element_type=\"widget\" data-e-type=\"widget\" data-widget_type=\"text-editor.default\">\n\t\t\t\t<div class=\"elementor-widget-container\">\n\t\t\t\t\t\t\t\t\t<p>The teams working in distribution and pharmacies are on the front-line of the COVID-19 response, frequently being the healthcare providers patients have a first direct contact with.<\/p>\n<p>Since the beginning of the COVID-19 pandemic, the protection measures of the pharmacy staff and those involved in the distribution of medicines have been increased, the facilities being equipped with masks, gloves, Plexiglas screens, sanitizers (including for floors), coveralls (drivers), disposable boots and goggles (drivers), antibacterial wipes, visors, and vitamins.<\/p>\n<p>\u00a0<\/p>\t\t\t\t\t\t\t\t<\/div>\n\t\t\t\t<\/div>\n\t\t\t\t\t<\/div>\n\t\t<\/div>\n\t\t\t\t\t<\/div>\n\t\t<\/section>\n\t\t\t\t<section class=\"elementor-section elementor-top-section elementor-element elementor-element-31d271b elementor-section-full_width nopadding elementor-section-height-default elementor-section-height-default\" data-id=\"31d271b\" data-element_type=\"section\" data-e-type=\"section\">\n\t\t\t\t\t\t<div class=\"elementor-container elementor-column-gap-default\">\n\t\t\t\t\t<div class=\"elementor-column elementor-col-100 elementor-top-column elementor-element elementor-element-e931c24\" data-id=\"e931c24\" data-element_type=\"column\" data-e-type=\"column\">\n\t\t\t<div class=\"elementor-widget-wrap elementor-element-populated\">\n\t\t\t\t\t\t<div class=\"elementor-element elementor-element-4963682 elementor-widget elementor-widget-heading\" data-id=\"4963682\" data-element_type=\"widget\" data-e-type=\"widget\" data-widget_type=\"heading.default\">\n\t\t\t\t<div class=\"elementor-widget-container\">\n\t\t\t\t\t<h2 class=\"elementor-heading-title elementor-size-default\">During the state of emergency:<\/h2>\t\t\t\t<\/div>\n\t\t\t\t<\/div>\n\t\t\t\t\t<\/div>\n\t\t<\/div>\n\t\t\t\t\t<\/div>\n\t\t<\/section>\n\t\t\t\t<section class=\"elementor-section elementor-top-section elementor-element elementor-element-c4c3cc7 elementor-section-full_width nopadding elementor-section-height-default elementor-section-height-default\" data-id=\"c4c3cc7\" data-element_type=\"section\" data-e-type=\"section\">\n\t\t\t\t\t\t<div class=\"elementor-container elementor-column-gap-default\">\n\t\t\t\t\t<div class=\"elementor-column elementor-col-33 elementor-top-column elementor-element elementor-element-d13b28f\" data-id=\"d13b28f\" data-element_type=\"column\" data-e-type=\"column\" data-settings=\"{&quot;background_background&quot;:&quot;classic&quot;}\">\n\t\t\t<div class=\"elementor-widget-wrap elementor-element-populated\">\n\t\t\t\t\t\t<div class=\"elementor-element elementor-element-7ffb3b2 elementor-widget elementor-widget-text-editor\" data-id=\"7ffb3b2\" data-element_type=\"widget\" data-e-type=\"widget\" data-widget_type=\"text-editor.default\">\n\t\t\t\t<div class=\"elementor-widget-container\">\n\t\t\t\t\t\t\t\t\t<p><span style=\"color: #fff; font-size: 18px; font-weight: 600 !important;\">Over 5,500 pharmacists and pharmacy nurses continued their work <\/span><\/p>\t\t\t\t\t\t\t\t<\/div>\n\t\t\t\t<\/div>\n\t\t\t\t\t<\/div>\n\t\t<\/div>\n\t\t\t\t<div class=\"elementor-column elementor-col-33 elementor-top-column elementor-element elementor-element-9b3ee51\" data-id=\"9b3ee51\" data-element_type=\"column\" data-e-type=\"column\" data-settings=\"{&quot;background_background&quot;:&quot;classic&quot;}\">\n\t\t\t<div class=\"elementor-widget-wrap elementor-element-populated\">\n\t\t\t\t\t\t<div class=\"elementor-element elementor-element-65d75ca elementor-widget elementor-widget-text-editor\" data-id=\"65d75ca\" data-element_type=\"widget\" data-e-type=\"widget\" data-widget_type=\"text-editor.default\">\n\t\t\t\t<div class=\"elementor-widget-container\">\n\t\t\t\t\t\t\t\t\t<p><span style=\"color: #fff; font-size: 18px; font-weight: 600 !important;\">More than 1,246 pharmacies were open daily enabling patients\u2019 access to needed medicines<\/span><\/p>\t\t\t\t\t\t\t\t<\/div>\n\t\t\t\t<\/div>\n\t\t\t\t\t<\/div>\n\t\t<\/div>\n\t\t\t\t<div class=\"elementor-column elementor-col-33 elementor-top-column elementor-element elementor-element-a738e5d\" data-id=\"a738e5d\" data-element_type=\"column\" data-e-type=\"column\" data-settings=\"{&quot;background_background&quot;:&quot;classic&quot;}\">\n\t\t\t<div class=\"elementor-widget-wrap elementor-element-populated\">\n\t\t\t\t\t\t<div class=\"elementor-element elementor-element-54134d4 elementor-widget elementor-widget-text-editor\" data-id=\"54134d4\" data-element_type=\"widget\" data-e-type=\"widget\" data-widget_type=\"text-editor.default\">\n\t\t\t\t<div class=\"elementor-widget-container\">\n\t\t\t\t\t\t\t\t\t<p><span style=\"color: #fff; font-size: 16px; font-weight: 600 !important;\">In the warehouses operated by the members of the A.D.R.F.R., 1,631 people worked continuously, and 560 cars delivered medicines daily, across Romania\u00a0<\/span><\/p>\t\t\t\t\t\t\t\t<\/div>\n\t\t\t\t<\/div>\n\t\t\t\t\t<\/div>\n\t\t<\/div>\n\t\t\t\t\t<\/div>\n\t\t<\/section>\n\t\t\t\t<section class=\"elementor-section elementor-top-section elementor-element elementor-element-eeeaad8 elementor-section-full_width elementor-section-height-default elementor-section-height-default\" data-id=\"eeeaad8\" data-element_type=\"section\" data-e-type=\"section\">\n\t\t\t\t\t\t<div class=\"elementor-container elementor-column-gap-default\">\n\t\t\t\t\t<div class=\"elementor-column elementor-col-100 elementor-top-column elementor-element elementor-element-72dfa31\" data-id=\"72dfa31\" data-element_type=\"column\" data-e-type=\"column\">\n\t\t\t<div class=\"elementor-widget-wrap elementor-element-populated\">\n\t\t\t\t\t\t<div class=\"elementor-element elementor-element-83390f9 elementor-widget elementor-widget-heading\" data-id=\"83390f9\" data-element_type=\"widget\" data-e-type=\"widget\" data-widget_type=\"heading.default\">\n\t\t\t\t<div class=\"elementor-widget-container\">\n\t\t\t\t\t<h2 class=\"elementor-heading-title elementor-size-default\">Useful info<\/h2>\t\t\t\t<\/div>\n\t\t\t\t<\/div>\n\t\t\t\t<div class=\"elementor-element elementor-element-2be79c0 elementor-widget elementor-widget-text-editor\" data-id=\"2be79c0\" data-element_type=\"widget\" data-e-type=\"widget\" data-widget_type=\"text-editor.default\">\n\t\t\t\t<div class=\"elementor-widget-container\">\n\t\t\t\t\t\t\t\t\t<div><p>The information and opinions mentioned are published to contribute to a better understanding and information on the COVID-19 pandemic. A.D.R.F.R. is not responsible for the use which might be made of the following information.<\/p><p><b>State of alert: <\/b><a href=\"https:\/\/www.mai.gov.ro\/utile\/\">find out more here <\/a><\/p><p><b>State of emergency: <\/b><a href=\"https:\/\/www.mai.gov.ro\/utile\/\">find out more here\u00a0<\/a><\/p><p><a href=\"https:\/\/vaccinare-covid.gov.ro\/\">National Vaccination Strategy<\/a>\u00a0<\/p><\/div>\t\t\t\t\t\t\t\t<\/div>\n\t\t\t\t<\/div>\n\t\t\t\t\t<\/div>\n\t\t<\/div>\n\t\t\t\t\t<\/div>\n\t\t<\/section>\n\t\t\t\t<section class=\"elementor-section elementor-top-section elementor-element elementor-element-cfed3f0 elementor-section-full_width elementor-section-height-default elementor-section-height-default\" data-id=\"cfed3f0\" data-element_type=\"section\" data-e-type=\"section\">\n\t\t\t\t\t\t<div class=\"elementor-container elementor-column-gap-default\">\n\t\t\t\t\t<div class=\"elementor-column elementor-col-100 elementor-top-column elementor-element elementor-element-d08ea42\" data-id=\"d08ea42\" data-element_type=\"column\" data-e-type=\"column\">\n\t\t\t<div class=\"elementor-widget-wrap elementor-element-populated\">\n\t\t\t\t\t\t<div class=\"elementor-element elementor-element-33e8dea elementor-widget elementor-widget-text-editor\" data-id=\"33e8dea\" data-element_type=\"widget\" data-e-type=\"widget\" data-widget_type=\"text-editor.default\">\n\t\t\t\t<div class=\"elementor-widget-container\">\n\t\t\t\t\t\t\t\t\t<p><\/p>\t\t\t\t\t\t\t\t<\/div>\n\t\t\t\t<\/div>\n\t\t\t\t\t<\/div>\n\t\t<\/div>\n\t\t\t\t\t<\/div>\n\t\t<\/section>\n\t\t\t\t<section class=\"elementor-section elementor-top-section elementor-element elementor-element-a5cb586 elementor-section-full_width elementor-section-height-default elementor-section-height-default\" data-id=\"a5cb586\" data-element_type=\"section\" data-e-type=\"section\">\n\t\t\t\t\t\t<div class=\"elementor-container elementor-column-gap-default\">\n\t\t\t\t\t<div class=\"elementor-column elementor-col-100 elementor-top-column elementor-element elementor-element-f824eff\" data-id=\"f824eff\" data-element_type=\"column\" data-e-type=\"column\">\n\t\t\t<div class=\"elementor-widget-wrap elementor-element-populated\">\n\t\t\t\t\t\t<div class=\"elementor-element elementor-element-87672f3 elementor-widget elementor-widget-text-editor\" data-id=\"87672f3\" data-element_type=\"widget\" data-e-type=\"widget\" data-widget_type=\"text-editor.default\">\n\t\t\t\t<div class=\"elementor-widget-container\">\n\t\t\t\t\t\t\t\t\t<p><br \/><iframe src=\"https:\/\/datelazi.ro\/embed\/cazuri-pe-zi\" width=\"975\" height=\"727\" scrolling=\"no\"><\/iframe><\/p>\t\t\t\t\t\t\t\t<\/div>\n\t\t\t\t<\/div>\n\t\t\t\t\t<\/div>\n\t\t<\/div>\n\t\t\t\t\t<\/div>\n\t\t<\/section>\n\t\t\t\t<section class=\"elementor-section elementor-top-section elementor-element elementor-element-fe447b4 elementor-section-full_width elementor-section-height-default elementor-section-height-default\" data-id=\"fe447b4\" data-element_type=\"section\" data-e-type=\"section\" data-settings=\"{&quot;background_background&quot;:&quot;classic&quot;}\">\n\t\t\t\t\t\t<div class=\"elementor-container elementor-column-gap-default\">\n\t\t\t\t\t<div class=\"elementor-column elementor-col-100 elementor-top-column elementor-element elementor-element-a4c222f\" data-id=\"a4c222f\" data-element_type=\"column\" data-e-type=\"column\">\n\t\t\t<div class=\"elementor-widget-wrap elementor-element-populated\">\n\t\t\t\t\t\t<div class=\"elementor-element elementor-element-561d217 elementor-widget elementor-widget-text-editor\" data-id=\"561d217\" data-element_type=\"widget\" data-e-type=\"widget\" data-widget_type=\"text-editor.default\">\n\t\t\t\t<div class=\"elementor-widget-container\">\n\t\t\t\t\t\t\t\t\t<h2 style=\"color:#fff !important;margin:0px\">Protective measures<\/h2>\n<p style=\"color:#fff !important\">Avoid crowded areas where you are exposed to direct contact and \/ or interaction with a large number of people, such as public gatherings, queues, heavy traffic areas, recreation areas.<\/p>\n<p style=\"color:#fff !important\">Keep a significant distance of 2 meters from other people you meet.<\/p>\n<p style=\"color:#fff !important\">Wash your hands with soap and water for at least 20 seconds after any contact with a potentially contaminated surface.<\/p>\n<p style=\"color:#fff !important\">Use a protective mask to protect others.<\/p>\n<p style=\"color:#fff !important\">Take antiviral or antibiotics only as prescribed by your doctor.<\/p>\n<p style=\"color:#fff !important\">Find out about the new coronavirus only from official sources!<\/p>\t\t\t\t\t\t\t\t<\/div>\n\t\t\t\t<\/div>\n\t\t\t\t\t<\/div>\n\t\t<\/div>\n\t\t\t\t\t<\/div>\n\t\t<\/section>\n\t\t\t\t<\/div>","protected":false},"excerpt":{"rendered":"COVID-19 https:\/\/thewebdesigner.ro\/projects\/adrfr\/wp-content\/uploads\/2020\/10\/202004161932_tvr2_16_april_2020_19_20_45.mp4 Echipele implicate \u00een activitatea de distribu\u021bie \u0219i din farmacii sunt \u00een linia \u00eent\u00e2i de lupt\u0103 \u00eempotriva COVID-19 fiind de multe ori primii speciali\u0219ti \u00een s\u0103n\u0103tate la care apeleaz\u0103 pacien\u021bii. De la debutul pandemiei de COVID-19, au fost sporite m\u0103surile de protec\u021bie a personalului din farmacii \u0219i cel implicat \u00een distribu\u021bia medicamentelor, unit\u0103\u021bile fiind&#8230; <a class=\"view-article\" href=\"https:\/\/www.adrfr.ro\/en\/covid19\/\">View Article<\/a>","protected":false},"author":1,"featured_media":0,"parent":0,"menu_order":0,"comment_status":"closed","ping_status":"closed","template":"","meta":{"footnotes":""},"class_list":["post-229","page","type-page","status-publish","hentry"],"_links":{"self":[{"href":"https:\/\/www.adrfr.ro\/en\/wp-json\/wp\/v2\/pages\/229","targetHints":{"allow":["GET"]}}],"collection":[{"href":"https:\/\/www.adrfr.ro\/en\/wp-json\/wp\/v2\/pages"}],"about":[{"href":"https:\/\/www.adrfr.ro\/en\/wp-json\/wp\/v2\/types\/page"}],"author":[{"embeddable":true,"href":"https:\/\/www.adrfr.ro\/en\/wp-json\/wp\/v2\/users\/1"}],"replies":[{"embeddable":true,"href":"https:\/\/www.adrfr.ro\/en\/wp-json\/wp\/v2\/comments?post=229"}],"version-history":[{"count":326,"href":"https:\/\/www.adrfr.ro\/en\/wp-json\/wp\/v2\/pages\/229\/revisions"}],"predecessor-version":[{"id":1218,"href":"https:\/\/www.adrfr.ro\/en\/wp-json\/wp\/v2\/pages\/229\/revisions\/1218"}],"wp:attachment":[{"href":"https:\/\/www.adrfr.ro\/en\/wp-json\/wp\/v2\/media?parent=229"}],"curies":[{"name":"wp","href":"https:\/\/api.w.org\/{rel}","templated":true}]}}