{"id":2,"date":"2020-09-13T12:48:18","date_gmt":"2020-09-13T12:48:18","guid":{"rendered":"https:\/\/thewebdesigner.ro\/projects\/adrfr\/?page_id=2"},"modified":"2025-12-05T18:52:38","modified_gmt":"2025-12-05T18:52:38","slug":"pagina-exemplu","status":"publish","type":"page","link":"https:\/\/www.adrfr.ro\/en\/","title":{"rendered":"Home"},"content":{"rendered":"\t\t<div data-elementor-type=\"wp-page\" data-elementor-id=\"2\" class=\"elementor elementor-2\">\n\t\t\t\t\t\t<section class=\"elementor-section elementor-top-section elementor-element elementor-element-ee29b06 elementor-section-full_width elementor-section-height-default elementor-section-height-default elementor-invisible\" data-id=\"ee29b06\" data-element_type=\"section\" data-e-type=\"section\" data-settings=\"{&quot;animation&quot;:&quot;fadeIn&quot;}\">\n\t\t\t\t\t\t<div class=\"elementor-container elementor-column-gap-narrow\">\n\t\t\t\t\t<div class=\"elementor-column elementor-col-66 elementor-top-column elementor-element elementor-element-389fb3a left-gallery\" data-id=\"389fb3a\" data-element_type=\"column\" data-e-type=\"column\" data-settings=\"{&quot;background_background&quot;:&quot;slideshow&quot;,&quot;background_slideshow_gallery&quot;:[{&quot;id&quot;:1503,&quot;url&quot;:&quot;https:\\\/\\\/www.adrfr.ro\\\/wp-content\\\/uploads\\\/2025\\\/01\\\/header-bg-1.jpg&quot;}],&quot;animation&quot;:&quot;none&quot;,&quot;background_slideshow_slide_duration&quot;:5000,&quot;background_slideshow_slide_transition&quot;:&quot;fade&quot;,&quot;background_slideshow_transition_duration&quot;:500}\">\n\t\t\t<div class=\"elementor-widget-wrap elementor-element-populated\">\n\t\t\t\t\t\t<div class=\"elementor-element elementor-element-f8631ac elementor-widget elementor-widget-html\" data-id=\"f8631ac\" data-element_type=\"widget\" data-e-type=\"widget\" data-widget_type=\"html.default\">\n\t\t\t\t<div class=\"elementor-widget-container\">\n\t\t\t\t\t<h1>\n    ASOCIA\u021aIA <br>\nDISTRIBUITORILOR <br>\n\u0218I RETAILERILOR <br>\nFARMACEUTICI<br>\nDIN ROM\u00c2NIA <br>\n<\/h1>\n\n<p>\n    Asocia\u021bia reune\u0219te principalii operatori de distribu\u021bie<br> \u0219i retail farmaceutic din Rom\u00e2nia. \n<\/p>\n\n\n<a href=\".\/despre-noi\" class=\"green-button\">\n    AFL\u0102 MAI MULTE DESPRE NOI\n<\/a>\t\t\t\t<\/div>\n\t\t\t\t<\/div>\n\t\t\t\t\t<\/div>\n\t\t<\/div>\n\t\t\t\t<div class=\"elementor-column elementor-col-33 elementor-top-column elementor-element elementor-element-491add3 heading-noutati\" data-id=\"491add3\" data-element_type=\"column\" data-e-type=\"column\" data-settings=\"{&quot;background_background&quot;:&quot;classic&quot;}\">\n\t\t\t<div class=\"elementor-widget-wrap elementor-element-populated\">\n\t\t\t\t\t\t<div class=\"elementor-element elementor-element-74a0ca5 heading-noutati elementor-widget elementor-widget-heading\" data-id=\"74a0ca5\" data-element_type=\"widget\" data-e-type=\"widget\" data-widget_type=\"heading.default\">\n\t\t\t\t<div class=\"elementor-widget-container\">\n\t\t\t\t\t<h3 class=\"elementor-heading-title elementor-size-default\">NOUT\u0102\u021aI<\/h3>\t\t\t\t<\/div>\n\t\t\t\t<\/div>\n\t\t\t\t<div class=\"elementor-element elementor-element-fdec927 elementor-widget elementor-widget-lps\" data-id=\"fdec927\" data-element_type=\"widget\" data-e-type=\"widget\" data-widget_type=\"lps.default\">\n\t\t\t\t<div class=\"elementor-widget-container\">\n\t\t\t\t\t\t\t<div class=\"elementor-shortcode\"><section class=\"latest-post-selection coloana\" id=\"lps-6039f7ffbb2d4d9d5625efd92f66f5aa\" style=\"\" role=\"list\"><article class=\"post-1529 post type-post status-publish format-standard hentry category-comunicate has-link\" data-lps-id=\"1529\" role=\"listitem\"><a href=\"https:\/\/www.adrfr.ro\/en\/2025\/12\/02\/comunicat-de-presa-02122025\/\" title=\"COMUNICAT  DE PRES\u0102\" class=\"article__link main-link read-more-wrap\"><h4 class=\"article__title item-title-tag\">COMUNICAT  DE PRES\u0102<\/h4><em class=\"article__date item-date\">2 December 2025 <i>12:50<\/i><\/em><div class=\"article__text item-text\"><p>25 de \u021b\u0103ri din Europa au f\u0103cut pa\u0219i importan\u021bi \u00een extinderea accesului la vaccinare prin implicarea farmaci\u0219tilor \u0219i a farmaciilor. BUCURE\u0218TI, 2 decembrie<\/p>\n<\/div><span class=\"article__read-more read-more\">Citeste mai mult<\/span><\/a><\/article><article class=\"post-1527 post type-post status-publish format-standard hentry category-comunicate has-link\" data-lps-id=\"1527\" role=\"listitem\"><a href=\"https:\/\/www.adrfr.ro\/en\/2025\/09\/25\/comunicat-de-presa-25092025\/\" title=\"COMUNICAT  DE PRES\u0102\" class=\"article__link main-link read-more-wrap\"><h4 class=\"article__title item-title-tag\">COMUNICAT  DE PRES\u0102<\/h4><em class=\"article__date item-date\">25 September 2025 <i>12:46<\/i><\/em><div class=\"article__text item-text\"><p>ADRFR: Noi prevederi legislative vor \u00eencuraja dezvoltarea serviciilor farmaceutice \u00een beneficiul final al pacien\u021bilor Bucure\u0219ti, 25 septembrie 2025: Asocia\u021bia<\/p>\n<\/div><span class=\"article__read-more read-more\">Citeste mai mult<\/span><\/a><\/article><article class=\"post-1525 post type-post status-publish format-standard hentry category-comunicate has-link\" data-lps-id=\"1525\" role=\"listitem\"><a href=\"https:\/\/www.adrfr.ro\/en\/2025\/06\/18\/comunicat-de-presa-5-2-2-2-2-2-2-2\/\" title=\"COMUNICAT  DE PRES\u0102\" class=\"article__link main-link read-more-wrap\"><h4 class=\"article__title item-title-tag\">COMUNICAT  DE PRES\u0102<\/h4><em class=\"article__date item-date\">18 June 2025 <i>12:40<\/i><\/em><div class=\"article__text item-text\"><p>Comunicat de pres\u0103 18 iunie 2025 Asocia\u021bia Farmaciilor \u0219i Farmaci\u0219tilor din Rom\u00e2nia \u0219i Asocia\u021bia Distribuitorilor \u0219i Retailerilor Farmaceutici din Rom\u00e2nia<\/p>\n<\/div><span class=\"article__read-more read-more\">Citeste mai mult<\/span><\/a><\/article><\/section><div class=\"clear\"><\/div><\/div>\n\t\t\t\t\t\t<\/div>\n\t\t\t\t<\/div>\n\t\t\t\t\t<\/div>\n\t\t<\/div>\n\t\t\t\t\t<\/div>\n\t\t<\/section>\n\t\t\t\t<section class=\"elementor-section elementor-top-section elementor-element elementor-element-37e6be6 elementor-section-full_width elementor-section-height-default elementor-section-height-default\" data-id=\"37e6be6\" data-element_type=\"section\" data-e-type=\"section\">\n\t\t\t\t\t\t<div class=\"elementor-container elementor-column-gap-default\">\n\t\t\t\t\t<div class=\"elementor-column elementor-col-50 elementor-top-column elementor-element elementor-element-a66573d\" data-id=\"a66573d\" data-element_type=\"column\" data-e-type=\"column\" data-settings=\"{&quot;animation&quot;:&quot;none&quot;}\">\n\t\t\t<div class=\"elementor-widget-wrap elementor-element-populated\">\n\t\t\t\t\t\t<div class=\"elementor-element elementor-element-23f9f0f covid elementor-widget elementor-widget-heading\" data-id=\"23f9f0f\" data-element_type=\"widget\" data-e-type=\"widget\" data-widget_type=\"heading.default\">\n\t\t\t\t<div class=\"elementor-widget-container\">\n\t\t\t\t\t<h1 class=\"elementor-heading-title elementor-size-default\"><b>Evaluarea riscului de diabet zaharat tip 2 in farmacii<\/b><\/h1>\t\t\t\t<\/div>\n\t\t\t\t<\/div>\n\t\t\t\t<div class=\"elementor-element elementor-element-3332634 elementor-widget elementor-widget-text-editor\" data-id=\"3332634\" data-element_type=\"widget\" data-e-type=\"widget\" data-widget_type=\"text-editor.default\">\n\t\t\t\t<div class=\"elementor-widget-container\">\n\t\t\t\t\t\t\t\t\tColegiul Farmaci\u0219tilor din Rom\u00e2nia (CFR), Asocia\u021bia Distribuitorilor \u0219i Retailerilor Farmaceutici din Rom\u00e2nia (ADRFR) si Asocia\u021bia Rom\u00e2n\u0103 a Produc\u0103torilor Interna\u021bionali de Medicamente (ARPIM), cu sprijinul Forumului Rom\u00e2n de Diabet, au ini\u021biat in luna mai 2023 un proiect pilot de evaluare a riscului de diabet zaharat tip 2 care se va derula \u00een farmacii, cu scopul de a contribui la preven\u021bia \u0219i depistarea precoce a acestei afec\u021biuni, prin intermediul serviciilor farmaceutice\t\t\t\t\t\t\t\t<\/div>\n\t\t\t\t<\/div>\n\t\t\t\t<div class=\"elementor-element elementor-element-5719610 elementor-widget elementor-widget-html\" data-id=\"5719610\" data-element_type=\"widget\" data-e-type=\"widget\" data-widget_type=\"html.default\">\n\t\t\t\t<div class=\"elementor-widget-container\">\n\t\t\t\t\t<a href=\"https:\/\/www.adrfr.ro\/proiect-pilot-de-evaluare-a-riscului-de-diabet-zaharat-tip-2-derulat-in-farmacii\/\" class=\"green-button\">\n    AFL\u0102 MAI MULT \n<\/a>\t\t\t\t<\/div>\n\t\t\t\t<\/div>\n\t\t\t\t\t<\/div>\n\t\t<\/div>\n\t\t\t\t<div class=\"elementor-column elementor-col-50 elementor-top-column elementor-element elementor-element-ffcd56d\" data-id=\"ffcd56d\" data-element_type=\"column\" data-e-type=\"column\" data-settings=\"{&quot;animation&quot;:&quot;none&quot;}\">\n\t\t\t<div class=\"elementor-widget-wrap elementor-element-populated\">\n\t\t\t\t\t\t<div class=\"elementor-element elementor-element-d5b5921 cifre elementor-widget elementor-widget-heading\" data-id=\"d5b5921\" data-element_type=\"widget\" data-e-type=\"widget\" data-widget_type=\"heading.default\">\n\t\t\t\t<div class=\"elementor-widget-container\">\n\t\t\t\t\t<h1 class=\"elementor-heading-title elementor-size-default\">A.D.R.F.R. \u00ceN CIFRE<\/h1>\t\t\t\t<\/div>\n\t\t\t\t<\/div>\n\t\t\t\t<section class=\"elementor-section elementor-inner-section elementor-element elementor-element-548756a elementor-section-full_width verde elementor-section-height-default elementor-section-height-default\" data-id=\"548756a\" data-element_type=\"section\" data-e-type=\"section\">\n\t\t\t\t\t\t\t<div class=\"elementor-background-overlay\"><\/div>\n\t\t\t\t\t\t\t<div class=\"elementor-container elementor-column-gap-default\">\n\t\t\t\t\t<div class=\"elementor-column elementor-col-50 elementor-inner-column elementor-element elementor-element-71d2940 count-margin\" data-id=\"71d2940\" data-element_type=\"column\" data-e-type=\"column\">\n\t\t\t<div class=\"elementor-widget-wrap elementor-element-populated\">\n\t\t\t\t\t\t<div class=\"elementor-element elementor-element-0622800 elementor-widget elementor-widget-heading\" data-id=\"0622800\" data-element_type=\"widget\" data-e-type=\"widget\" data-widget_type=\"heading.default\">\n\t\t\t\t<div class=\"elementor-widget-container\">\n\t\t\t\t\t<h5 class=\"elementor-heading-title elementor-size-default\">10.000+<\/h5>\t\t\t\t<\/div>\n\t\t\t\t<\/div>\n\t\t\t\t\t<\/div>\n\t\t<\/div>\n\t\t\t\t<div class=\"elementor-column elementor-col-50 elementor-inner-column elementor-element elementor-element-824541e\" data-id=\"824541e\" data-element_type=\"column\" data-e-type=\"column\">\n\t\t\t<div class=\"elementor-widget-wrap elementor-element-populated\">\n\t\t\t\t\t\t<div class=\"elementor-element elementor-element-19845b3 elementor-widget elementor-widget-html\" data-id=\"19845b3\" data-element_type=\"widget\" data-e-type=\"widget\" data-widget_type=\"html.default\">\n\t\t\t\t<div class=\"elementor-widget-container\">\n\t\t\t\t\t<div class=\"contorare\">\n    <div>\n        <img decoding=\"async\" src=\"https:\/\/www.adrfr.ro\/wp-content\/uploads\/2020\/09\/lucri-de-munca.svg\">\n    <\/div>\n    <p class=\"white\">\n       angaja\u021bi\n    <\/p>\n<\/div>\t\t\t\t<\/div>\n\t\t\t\t<\/div>\n\t\t\t\t\t<\/div>\n\t\t<\/div>\n\t\t\t\t\t<\/div>\n\t\t<\/section>\n\t\t\t\t<section class=\"elementor-section elementor-inner-section elementor-element elementor-element-0e8a2a0 elementor-section-full_width verde elementor-section-height-default elementor-section-height-default\" data-id=\"0e8a2a0\" data-element_type=\"section\" data-e-type=\"section\">\n\t\t\t\t\t\t\t<div class=\"elementor-background-overlay\"><\/div>\n\t\t\t\t\t\t\t<div class=\"elementor-container elementor-column-gap-default\">\n\t\t\t\t\t<div class=\"elementor-column elementor-col-50 elementor-inner-column elementor-element elementor-element-eb8625d count-margin\" data-id=\"eb8625d\" data-element_type=\"column\" data-e-type=\"column\">\n\t\t\t<div class=\"elementor-widget-wrap elementor-element-populated\">\n\t\t\t\t\t\t<div class=\"elementor-element elementor-element-1494d0f elementor-widget elementor-widget-heading\" data-id=\"1494d0f\" data-element_type=\"widget\" data-e-type=\"widget\" data-widget_type=\"heading.default\">\n\t\t\t\t<div class=\"elementor-widget-container\">\n\t\t\t\t\t<h5 class=\"elementor-heading-title elementor-size-default\">5500+<\/h5>\t\t\t\t<\/div>\n\t\t\t\t<\/div>\n\t\t\t\t\t<\/div>\n\t\t<\/div>\n\t\t\t\t<div class=\"elementor-column elementor-col-50 elementor-inner-column elementor-element elementor-element-e778763\" data-id=\"e778763\" data-element_type=\"column\" data-e-type=\"column\">\n\t\t\t<div class=\"elementor-widget-wrap elementor-element-populated\">\n\t\t\t\t\t\t<div class=\"elementor-element elementor-element-23e921a elementor-widget elementor-widget-html\" data-id=\"23e921a\" data-element_type=\"widget\" data-e-type=\"widget\" data-widget_type=\"html.default\">\n\t\t\t\t<div class=\"elementor-widget-container\">\n\t\t\t\t\t<div class=\"contorare\">\n    <div>\n        <img decoding=\"async\" src=\"https:\/\/www.adrfr.ro\/wp-content\/uploads\/2020\/10\/farmaciste.svg\">\n    <\/div>\n    <p class=\"white\">\n       farmaci\u0219ti \u0219i asisten\u021bi de farmacie\n    <\/p>\n<\/div>\t\t\t\t<\/div>\n\t\t\t\t<\/div>\n\t\t\t\t\t<\/div>\n\t\t<\/div>\n\t\t\t\t\t<\/div>\n\t\t<\/section>\n\t\t\t\t<section class=\"elementor-section elementor-inner-section elementor-element elementor-element-03e8ddf elementor-section-full_width verde elementor-section-height-default elementor-section-height-default\" data-id=\"03e8ddf\" data-element_type=\"section\" data-e-type=\"section\">\n\t\t\t\t\t\t\t<div class=\"elementor-background-overlay\"><\/div>\n\t\t\t\t\t\t\t<div class=\"elementor-container elementor-column-gap-default\">\n\t\t\t\t\t<div class=\"elementor-column elementor-col-50 elementor-inner-column elementor-element elementor-element-ec61715 count-margin\" data-id=\"ec61715\" data-element_type=\"column\" data-e-type=\"column\">\n\t\t\t<div class=\"elementor-widget-wrap elementor-element-populated\">\n\t\t\t\t\t\t<div class=\"elementor-element elementor-element-7ceafdc elementor-widget elementor-widget-heading\" data-id=\"7ceafdc\" data-element_type=\"widget\" data-e-type=\"widget\" data-widget_type=\"heading.default\">\n\t\t\t\t<div class=\"elementor-widget-container\">\n\t\t\t\t\t<h5 class=\"elementor-heading-title elementor-size-default\">29<\/h5>\t\t\t\t<\/div>\n\t\t\t\t<\/div>\n\t\t\t\t\t<\/div>\n\t\t<\/div>\n\t\t\t\t<div class=\"elementor-column elementor-col-50 elementor-inner-column elementor-element elementor-element-0c3c23c\" data-id=\"0c3c23c\" data-element_type=\"column\" data-e-type=\"column\">\n\t\t\t<div class=\"elementor-widget-wrap elementor-element-populated\">\n\t\t\t\t\t\t<div class=\"elementor-element elementor-element-d4a5b1c elementor-widget elementor-widget-html\" data-id=\"d4a5b1c\" data-element_type=\"widget\" data-e-type=\"widget\" data-widget_type=\"html.default\">\n\t\t\t\t<div class=\"elementor-widget-container\">\n\t\t\t\t\t<div class=\"contorare\">\n    <div>\n        <img decoding=\"async\" src=\"https:\/\/www.adrfr.ro\/wp-content\/uploads\/2020\/10\/depozit.svg\">\n    <\/div>\n    <p class=\"white\">\n        depozite distribu\u021bie \n    <\/p>\n<\/div>\t\t\t\t<\/div>\n\t\t\t\t<\/div>\n\t\t\t\t\t<\/div>\n\t\t<\/div>\n\t\t\t\t\t<\/div>\n\t\t<\/section>\n\t\t\t\t<section class=\"elementor-section elementor-inner-section elementor-element elementor-element-fdc62a7 elementor-section-full_width verde elementor-section-height-default elementor-section-height-default\" data-id=\"fdc62a7\" data-element_type=\"section\" data-e-type=\"section\">\n\t\t\t\t\t\t\t<div class=\"elementor-background-overlay\"><\/div>\n\t\t\t\t\t\t\t<div class=\"elementor-container elementor-column-gap-default\">\n\t\t\t\t\t<div class=\"elementor-column elementor-col-50 elementor-inner-column elementor-element elementor-element-1191f1b count-margin\" data-id=\"1191f1b\" data-element_type=\"column\" data-e-type=\"column\">\n\t\t\t<div class=\"elementor-widget-wrap elementor-element-populated\">\n\t\t\t\t\t\t<div class=\"elementor-element elementor-element-5ed8640 elementor-widget elementor-widget-heading\" data-id=\"5ed8640\" data-element_type=\"widget\" data-e-type=\"widget\" data-widget_type=\"heading.default\">\n\t\t\t\t<div class=\"elementor-widget-container\">\n\t\t\t\t\t<h5 class=\"elementor-heading-title elementor-size-default\">1400<\/h5>\t\t\t\t<\/div>\n\t\t\t\t<\/div>\n\t\t\t\t\t<\/div>\n\t\t<\/div>\n\t\t\t\t<div class=\"elementor-column elementor-col-50 elementor-inner-column elementor-element elementor-element-4926a77\" data-id=\"4926a77\" data-element_type=\"column\" data-e-type=\"column\">\n\t\t\t<div class=\"elementor-widget-wrap elementor-element-populated\">\n\t\t\t\t\t\t<div class=\"elementor-element elementor-element-3c7cf32 elementor-widget elementor-widget-html\" data-id=\"3c7cf32\" data-element_type=\"widget\" data-e-type=\"widget\" data-widget_type=\"html.default\">\n\t\t\t\t<div class=\"elementor-widget-container\">\n\t\t\t\t\t<div class=\"contorare\">\n    <div>\n        <img decoding=\"async\" src=\"https:\/\/www.adrfr.ro\/wp-content\/uploads\/2020\/09\/farmacii.svg\">\n    <\/div>\n    <p class=\"white\">\n       farmacii<br> comunitare\n    <\/p>\n<\/div>\t\t\t\t<\/div>\n\t\t\t\t<\/div>\n\t\t\t\t\t<\/div>\n\t\t<\/div>\n\t\t\t\t\t<\/div>\n\t\t<\/section>\n\t\t\t\t\t<\/div>\n\t\t<\/div>\n\t\t\t\t\t<\/div>\n\t\t<\/section>\n\t\t\t\t<section class=\"elementor-section elementor-top-section elementor-element elementor-element-c224882 elementor-section-full_width nopadding elementor-section-height-default elementor-section-height-default\" data-id=\"c224882\" data-element_type=\"section\" data-e-type=\"section\">\n\t\t\t\t\t\t<div class=\"elementor-container elementor-column-gap-default\">\n\t\t\t\t\t<div class=\"elementor-column elementor-col-100 elementor-top-column elementor-element elementor-element-93da843\" data-id=\"93da843\" data-element_type=\"column\" data-e-type=\"column\">\n\t\t\t<div class=\"elementor-widget-wrap elementor-element-populated\">\n\t\t\t\t\t\t<div class=\"elementor-element elementor-element-195bfad elementor-widget elementor-widget-heading\" data-id=\"195bfad\" data-element_type=\"widget\" data-e-type=\"widget\" data-widget_type=\"heading.default\">\n\t\t\t\t<div class=\"elementor-widget-container\">\n\t\t\t\t\t<h1 class=\"elementor-heading-title elementor-size-default\">MEMBRI<\/h1>\t\t\t\t<\/div>\n\t\t\t\t<\/div>\n\t\t\t\t\t<\/div>\n\t\t<\/div>\n\t\t\t\t\t<\/div>\n\t\t<\/section>\n\t\t\t\t<section class=\"elementor-section elementor-top-section elementor-element elementor-element-1edd721 elementor-section-full_width carusel-container elementor-section-height-default elementor-section-height-default\" data-id=\"1edd721\" data-element_type=\"section\" data-e-type=\"section\" data-settings=\"{&quot;background_background&quot;:&quot;classic&quot;}\">\n\t\t\t\t\t\t<div class=\"elementor-container elementor-column-gap-default\">\n\t\t\t\t\t<div class=\"elementor-column elementor-col-100 elementor-top-column elementor-element elementor-element-d6a20cf\" data-id=\"d6a20cf\" data-element_type=\"column\" data-e-type=\"column\">\n\t\t\t<div class=\"elementor-widget-wrap elementor-element-populated\">\n\t\t\t\t\t\t<div class=\"elementor-element elementor-element-0988031 elementor-widget elementor-widget-text-editor\" data-id=\"0988031\" data-element_type=\"widget\" data-e-type=\"widget\" data-widget_type=\"text-editor.default\">\n\t\t\t\t<div class=\"elementor-widget-container\">\n\t\t\t\t\t\t\t\t\t<div class=\"galerie-imagini\"><a href=\"https:\/\/www.drmax.ro\"><img decoding=\"async\" width=\"250\" height=\"47\" class=\"alignnone wp-image-1376 size-medium\" src=\"https:\/\/www.adrfr.ro\/wp-content\/uploads\/2023\/06\/DrMax_Logo_kl_col_PMS-2-250x47.png\" alt=\"\" srcset=\"https:\/\/www.adrfr.ro\/wp-content\/uploads\/2023\/06\/DrMax_Logo_kl_col_PMS-2-250x47.png 250w, https:\/\/www.adrfr.ro\/wp-content\/uploads\/2023\/06\/DrMax_Logo_kl_col_PMS-2-700x132.png 700w, https:\/\/www.adrfr.ro\/wp-content\/uploads\/2023\/06\/DrMax_Logo_kl_col_PMS-2-768x145.png 768w, https:\/\/www.adrfr.ro\/wp-content\/uploads\/2023\/06\/DrMax_Logo_kl_col_PMS-2-1536x289.png 1536w, https:\/\/www.adrfr.ro\/wp-content\/uploads\/2023\/06\/DrMax_Logo_kl_col_PMS-2-2048x385.png 2048w, https:\/\/www.adrfr.ro\/wp-content\/uploads\/2023\/06\/DrMax_Logo_kl_col_PMS-2-18x3.png 18w, https:\/\/www.adrfr.ro\/wp-content\/uploads\/2023\/06\/DrMax_Logo_kl_col_PMS-2-120x23.png 120w\" sizes=\"(max-width: 250px) 100vw, 250px\" \/><\/a><a href=\"https:\/\/www.farmexim.ro\/\" target=\"_blank\" rel=\"noopener\"><img decoding=\"async\" width=\"115\" height=\"65\" class=\"alignnone size-full wp-image-124\" src=\"https:\/\/www.adrfr.ro\/wp-content\/uploads\/2020\/09\/farmexim.png\" alt=\"\" \/><\/a> <a href=\"https:\/\/www.helpnet.ro\/\" target=\"_blank\" rel=\"noopener\"><img decoding=\"async\" width=\"117\" height=\"56\" class=\"alignnone size-full wp-image-125\" src=\"https:\/\/www.adrfr.ro\/wp-content\/uploads\/2020\/09\/help-net.png\" alt=\"\" \/><\/a><a href=\"https:\/\/remediadl.ro\/\"><img decoding=\"async\" src=\"https:\/\/www.adrfr.ro\/wp-content\/uploads\/2021\/05\/FRDL_RGB-1.jpg\" \/><\/a><a href=\"http:\/\/ropharma.ro\" target=\"_blank\" rel=\"noopener\"><img decoding=\"async\" src=\"https:\/\/www.adrfr.ro\/wp-content\/uploads\/2022\/10\/logo-roph-1.png\" \/><\/a><\/div>\t\t\t\t\t\t\t\t<\/div>\n\t\t\t\t<\/div>\n\t\t\t\t\t<\/div>\n\t\t<\/div>\n\t\t\t\t\t<\/div>\n\t\t<\/section>\n\t\t\t\t<\/div>\n\t\t","protected":false},"excerpt":{"rendered":"ASOCIA\u021aIA DISTRIBUITORILOR \u0218I RETAILERILOR FARMACEUTICI DIN ROM\u00c2NIA Asocia\u021bia reune\u0219te principalii operatori de distribu\u021bie \u0219i retail farmaceutic din Rom\u00e2nia. AFL\u0102 MAI MULTE DESPRE NOI NOUT\u0102\u021aI Evaluarea riscului de diabet zaharat tip 2 in farmacii Colegiul Farmaci\u0219tilor din Rom\u00e2nia (CFR), Asocia\u021bia Distribuitorilor \u0219i Retailerilor Farmaceutici din Rom\u00e2nia (ADRFR) si Asocia\u021bia Rom\u00e2n\u0103 a Produc\u0103torilor Interna\u021bionali de Medicamente (ARPIM),&#8230; <a class=\"view-article\" href=\"https:\/\/www.adrfr.ro\/en\/2025\/06\/18\/comunicat-de-presa-5-2-2-2-2-2-2-2\/\">View Article<\/a>","protected":false},"author":1,"featured_media":0,"parent":0,"menu_order":0,"comment_status":"closed","ping_status":"open","template":"","meta":{"footnotes":""},"class_list":["post-2","page","type-page","status-publish","hentry"],"_links":{"self":[{"href":"https:\/\/www.adrfr.ro\/en\/wp-json\/wp\/v2\/pages\/2","targetHints":{"allow":["GET"]}}],"collection":[{"href":"https:\/\/www.adrfr.ro\/en\/wp-json\/wp\/v2\/pages"}],"about":[{"href":"https:\/\/www.adrfr.ro\/en\/wp-json\/wp\/v2\/types\/page"}],"author":[{"embeddable":true,"href":"https:\/\/www.adrfr.ro\/en\/wp-json\/wp\/v2\/users\/1"}],"replies":[{"embeddable":true,"href":"https:\/\/www.adrfr.ro\/en\/wp-json\/wp\/v2\/comments?post=2"}],"version-history":[{"count":278,"href":"https:\/\/www.adrfr.ro\/en\/wp-json\/wp\/v2\/pages\/2\/revisions"}],"predecessor-version":[{"id":1592,"href":"https:\/\/www.adrfr.ro\/en\/wp-json\/wp\/v2\/pages\/2\/revisions\/1592"}],"wp:attachment":[{"href":"https:\/\/www.adrfr.ro\/en\/wp-json\/wp\/v2\/media?parent=2"}],"curies":[{"name":"wp","href":"https:\/\/api.w.org\/{rel}","templated":true}]}}